{"id":8926,"date":"2024-06-04T15:52:17","date_gmt":"2024-06-04T15:52:17","guid":{"rendered":"https:\/\/dev.qwerty.ba\/wp\/proizvod\/alpha-nose-trimmer-set-ans78\/"},"modified":"2026-05-12T08:30:19","modified_gmt":"2026-05-12T08:30:19","slug":"alpha-nose-trimmer-set-ans78","status":"publish","type":"product","link":"https:\/\/dev.qwerty.ba\/wp\/proizvod\/alpha-nose-trimmer-set-ans78\/","title":{"rendered":"Alpha nose trimmer set ANS78"},"content":{"rendered":"<p>Nastavak za nos i u\u0161i<br \/>\nNastavak za bradu<br \/>\nNastavak za obrve<br \/>\nDodatna oprema: postolje i \u010detka za \u010di\u0161\u0107enje<br \/>\nNa\u010din rada: Alkalna AA baterija<\/p>\n","protected":false},"excerpt":{"rendered":"<p>Dodatna oprema: postolje i \u010detka za \u010di\u0161\u0107enje<\/p>\n","protected":false},"featured_media":9012,"comment_status":"open","ping_status":"closed","template":"","meta":[],"etheme_brands":[{"term_id":78,"name":"Alpha","slug":"alpha","term_group":0,"term_taxonomy_id":78,"taxonomy":"brand","description":"","parent":0,"count":12,"filter":"raw"}],"product_cat":[15,43],"product_tag":[],"class_list":{"0":"post-8926","1":"product","2":"type-product","3":"status-publish","4":"has-post-thumbnail","6":"brand-alpha","7":"product_cat-uncategorized","8":"product_cat-njega-i-ljepota","10":"first","11":"instock","12":"shipping-taxable","13":"product-type-simple"},"_links":{"self":[{"href":"https:\/\/dev.qwerty.ba\/wp\/wp-json\/wp\/v2\/product\/8926","targetHints":{"allow":["GET"]}}],"collection":[{"href":"https:\/\/dev.qwerty.ba\/wp\/wp-json\/wp\/v2\/product"}],"about":[{"href":"https:\/\/dev.qwerty.ba\/wp\/wp-json\/wp\/v2\/types\/product"}],"replies":[{"embeddable":true,"href":"https:\/\/dev.qwerty.ba\/wp\/wp-json\/wp\/v2\/comments?post=8926"}],"version-history":[{"count":2,"href":"https:\/\/dev.qwerty.ba\/wp\/wp-json\/wp\/v2\/product\/8926\/revisions"}],"predecessor-version":[{"id":9015,"href":"https:\/\/dev.qwerty.ba\/wp\/wp-json\/wp\/v2\/product\/8926\/revisions\/9015"}],"wp:featuredmedia":[{"embeddable":true,"href":"https:\/\/dev.qwerty.ba\/wp\/wp-json\/wp\/v2\/media\/9012"}],"wp:attachment":[{"href":"https:\/\/dev.qwerty.ba\/wp\/wp-json\/wp\/v2\/media?parent=8926"}],"wp:term":[{"taxonomy":"brand","embeddable":true,"href":"https:\/\/dev.qwerty.ba\/wp\/wp-json\/wp\/v2\/etheme_brands?post=8926"},{"taxonomy":"product_cat","embeddable":true,"href":"https:\/\/dev.qwerty.ba\/wp\/wp-json\/wp\/v2\/product_cat?post=8926"},{"taxonomy":"product_tag","embeddable":true,"href":"https:\/\/dev.qwerty.ba\/wp\/wp-json\/wp\/v2\/product_tag?post=8926"}],"curies":[{"name":"wp","href":"https:\/\/api.w.org\/{rel}","templated":true}]}}